{"id":61,"date":"2022-09-28T07:32:37","date_gmt":"2022-09-28T07:32:37","guid":{"rendered":"http:\/\/dbhazek.cluster030.hosting.ovh.net\/?page_id=61"},"modified":"2022-09-28T07:32:37","modified_gmt":"2022-09-28T07:32:37","slug":"wlasciwosc-terytorialna","status":"publish","type":"page","link":"https:\/\/zamosckomornik.pl\/?page_id=61","title":{"rendered":"W\u0142a\u015bciwo\u015b\u0107 terytorialna"},"content":{"rendered":"\n<div style=\"height:71px\" aria-hidden=\"true\" class=\"wp-block-spacer\"><\/div>\n\n\n\n<h2 class=\"wp-block-heading\"><strong>Komornik S\u0105dowy przy S\u0105dzie Rejonowym w Zamo\u015bciu Tomasz G\u00f3ra, Kancelaria nr II w Zamo\u015bciu prowadzi post\u0119powania egzekucyjne na ca\u0142ym obszarze w\u0142a\u015bciwo\u015bci terytorialnej&nbsp;S\u0105du Rejonowego w Zamo\u015bciu, kt\u00f3ra obejmuje:<\/strong><\/h2>\n\n\n\n<h2 class=\"wp-block-heading\"><strong>miasto<\/strong>:&nbsp;Zamo\u015b\u0107<\/h2>\n\n\n\n<h2 class=\"wp-block-heading\"><strong>gminy:<\/strong>&nbsp;Adam\u00f3w, Gorzk\u00f3w, Izbica, Krasnobr\u00f3d, \u0141abunie, Nielisz, Radecznica, Rudnik, Sitno, Skierbiesz\u00f3w, Stary Zamo\u015b\u0107, Su\u0142\u00f3w, Szczebrzeszyn, Zamo\u015b\u0107, Zwierzyniec i \u017b\u00f3\u0142kiewka.<\/h2>\n","protected":false},"excerpt":{"rendered":"<p>Komornik S\u0105dowy przy S\u0105dzie Rejonowym w Zamo\u015bciu Tomasz G\u00f3ra, Kancelaria nr II w Zamo\u015bciu prowadzi post\u0119powania egzekucyjne na ca\u0142ym obszarze w\u0142a\u015bciwo\u015bci terytorialnej&nbsp;S\u0105du Rejonowego w Zamo\u015bciu, kt\u00f3ra obejmuje: miasto:&nbsp;Zamo\u015b\u0107 gminy:&nbsp;Adam\u00f3w, Gorzk\u00f3w, Izbica, Krasnobr\u00f3d, \u0141abunie, Nielisz, Radecznica, Rudnik, Sitno, Skierbiesz\u00f3w, Stary Zamo\u015b\u0107, Su\u0142\u00f3w, Szczebrzeszyn, Zamo\u015b\u0107, Zwierzyniec i \u017b\u00f3\u0142kiewka.<\/p>\n","protected":false},"author":1,"featured_media":0,"parent":0,"menu_order":0,"comment_status":"closed","ping_status":"closed","template":"template-parts\/template-full-width.php","meta":{"footnotes":""},"class_list":["post-61","page","type-page","status-publish","hentry"],"_links":{"self":[{"href":"https:\/\/zamosckomornik.pl\/index.php?rest_route=\/wp\/v2\/pages\/61","targetHints":{"allow":["GET"]}}],"collection":[{"href":"https:\/\/zamosckomornik.pl\/index.php?rest_route=\/wp\/v2\/pages"}],"about":[{"href":"https:\/\/zamosckomornik.pl\/index.php?rest_route=\/wp\/v2\/types\/page"}],"author":[{"embeddable":true,"href":"https:\/\/zamosckomornik.pl\/index.php?rest_route=\/wp\/v2\/users\/1"}],"replies":[{"embeddable":true,"href":"https:\/\/zamosckomornik.pl\/index.php?rest_route=%2Fwp%2Fv2%2Fcomments&post=61"}],"version-history":[{"count":1,"href":"https:\/\/zamosckomornik.pl\/index.php?rest_route=\/wp\/v2\/pages\/61\/revisions"}],"predecessor-version":[{"id":62,"href":"https:\/\/zamosckomornik.pl\/index.php?rest_route=\/wp\/v2\/pages\/61\/revisions\/62"}],"wp:attachment":[{"href":"https:\/\/zamosckomornik.pl\/index.php?rest_route=%2Fwp%2Fv2%2Fmedia&parent=61"}],"curies":[{"name":"wp","href":"https:\/\/api.w.org\/{rel}","templated":true}]}}