{"id":54,"date":"2022-09-28T07:29:52","date_gmt":"2022-09-28T07:29:52","guid":{"rendered":"http:\/\/dbhazek.cluster030.hosting.ovh.net\/?page_id=54"},"modified":"2025-05-27T05:55:32","modified_gmt":"2025-05-27T05:55:32","slug":"przetwarzanie-danych-osobowych","status":"publish","type":"page","link":"https:\/\/zamosckomornik.pl\/?page_id=54","title":{"rendered":"Przetwarzanie danych osobowych"},"content":{"rendered":"\n<div style=\"height:100px\" aria-hidden=\"true\" class=\"wp-block-spacer\"><\/div>\n\n\n\n<p><strong>Informacje dotycz\u0105ce przetwarzania danych osobowych<\/strong><\/p>\n\n\n\n<p>W oparciu o art. 164a ust. 1 pkt 2 ustawy o komornikach s\u0105dowych w zgodzie z art. 13 pkt. 1 i 2 rozporz\u0105dzenia Parlamentu Europejskiego i Rady (UE) 2016\/679 z 27 kwietnia 2016 r. w sprawie ochrony os\u00f3b fizycznych w zwi\u0105zku z przetwarzaniem danych osobowych i w sprawie swobodnego przep\u0142ywu takich danych oraz uchylenia dyrektywy 95\/46\/WE (og\u00f3lne rozporz\u0105dzenie o ochronie danych osobowych) dalej &#8211; RODO, informuj\u0119:<\/p>\n\n\n\n<ol style=\"list-style-type:upper-roman\" class=\"wp-block-list\">\n<li><strong>To\u017csamo\u015b\u0107 oraz dane kontaktowe Administratora Danych Osobowych\u00a0<br>(art. 13 pkt 1 lit. a RODO)<\/strong><\/li>\n<\/ol>\n\n\n\n<p>Administratorem danych osobowych jest Komornik S\u0105dowy przy S\u0105dzie Rejonowym w Zamo\u015bciu Tomasz G\u00f3ra, Kancelaria nr II w Zamo\u015bciu z siedzib\u0105 przy ul. Marsza\u0142ka J. Pi\u0142sudskiego 33\/4, 22-400 Zamo\u015b\u0107, telefon \/84\/ 627-98-50.<\/p>\n\n\n\n<ol start=\"2\" style=\"list-style-type:upper-roman\" class=\"wp-block-list\">\n<li><strong>Dane kontaktowe Inspektora Ochrony Danych (art. 13 pkt 1 lit. b RODO)<\/strong><\/li>\n<\/ol>\n\n\n\n<p>Administrator wyznaczy\u0142 Inspektora Ochrony Danych, kt\u00f3rym jest Pani\/Pan Roman Kwieci\u0144ski .&nbsp; Z Inspektorem Ochrony Danych mo\u017cna si\u0119 skontaktowa\u0107 w sprawach zwi\u0105zanych z przetwarzaniem danych osobowych pisemnie na adres siedziby kancelarii ul. Marsza\u0142ka J. Pi\u0142sudskiego 33\/4, 22-400 Zamo\u015b\u0107 oraz poprzez adres e-mail&nbsp;<a href=\"mailto:iod.zamosc.002@komornik.pl\">iod.zamosc.002@komornik.pl<\/a>.<\/p>\n\n\n\n<p>Cel i podstawa prawna przetwarzania danych osobowych (art. 13 pkt 1 lit. c RODO)<\/p>\n\n\n\n<p>Pani\/Pana dane osobowe przetwarzane s\u0105 w celu prowadzenia post\u0119powania egzekucyjnego, zabezpieczaj\u0105cego oraz innych czynno\u015bci, kt\u00f3rych wykonanie jest obowi\u0105zkiem prawnie ci\u0105\u017c\u0105cym na administratorze (art. 6 pkt 1 lit. c RODO oraz art. 9 pkt 2 lit. b ) wynikaj\u0105cym z art. 3 ustawy z dnia 22 marca 2018 r. o komornikach s\u0105dowych.<\/p>\n\n\n\n<ol start=\"3\" style=\"list-style-type:upper-roman\" class=\"wp-block-list\">\n<li>\u00a0<strong>Odbiorcy danych lub kategorie odbiorc\u00f3w danych (art. 13 pkt. 1 lit. e RODO)\u00a0<\/strong><\/li>\n<\/ol>\n\n\n\n<p>Zgodnie z w\u0142a\u015bciwymi przepisami prawa i w celu wykonania obowi\u0105zk\u00f3w przez nie na\u0142o\u017conych komornik przekazuje Pani\/Pana dane osobowe w toku post\u0119powania egzekucyjnego stronom oraz uczestnikom post\u0119powania, urz\u0119dom, a tak\u017ce innym podmiotom, je\u017celi jest to wymagane przepisami prawa.<\/p>\n\n\n\n<ol start=\"4\" style=\"list-style-type:upper-roman\" class=\"wp-block-list\">\n<li><strong>Przekazanie danych osobowych poza EOG (art. 13 pkt. 1 lit. f RODO)<\/strong><\/li>\n<\/ol>\n\n\n\n<p>Dane osobowe nie s\u0105\u0328 przesy\u0142ane poza Europejski Obszar Gospodarczy. *<\/p>\n\n\n\n<p>*&nbsp;&nbsp;<em>konieczne jest zweryfikowanie czy dane osobowe przetwarzane w kancelarii s\u0105 transferowane poza<br>Europejski Obszar Gospodarczy<\/em><\/p>\n\n\n\n<ol start=\"5\" style=\"list-style-type:upper-roman\" class=\"wp-block-list\">\n<li><strong>Okres, przez kt\u00f3ry b\u0119d\u0105 przechowywane dane osobowe (art. 13 pkt 2 lit. a RODO)<\/strong><\/li>\n<\/ol>\n\n\n\n<p>Dane osobowe b\u0119d\u0105 przechowywane przez Komornika S\u0105dowego nie d\u0142u\u017cej ni\u017c trzy lata od zako\u0144czenia post\u0119powania, a zamkni\u0119te urz\u0105dzenia ewidencyjne &#8211; nie d\u0142u\u017cej ni\u017c trzy lata od ich zamkni\u0119cia, a nast\u0119pnie przekazane do Krajowej Rady Komorniczej w celu archiwizacji.&nbsp;<\/p>\n\n\n\n<ol start=\"6\" style=\"list-style-type:upper-roman\" class=\"wp-block-list\">\n<li>\u00a0<strong>Prawa podmiotu (art. 13 pkt 2 lit. b RODO)<\/strong><\/li>\n<\/ol>\n\n\n\n<p>Osobom, kt\u00f3rych dane osobowe s\u0105 przetwarzane w sprawach dotycz\u0105cych wykonywania czynno\u015bci w post\u0119powaniu egzekucyjnym i zabezpieczaj\u0105cym oraz innych ustawowych zada\u0144 komornika przys\u0142uguj\u0105 nast\u0119puj\u0105ce prawa realizowane wy\u0142\u0105cznie na podstawie i w zakresie okre\u015blonym w k.p.c.:<\/p>\n\n\n\n<ul class=\"wp-block-list\">\n<li>prawo dost\u0119pu do danych osobowych,<\/li>\n\n\n\n<li>prawo do \u017c\u0105dania sprostowania danych osobowych \u2013 w przypadku, gdy dane s\u0105 nieprawid\u0142owe lub niekompletne,<\/li>\n\n\n\n<li>prawo do \u017c\u0105dania ograniczenia przetwarzania danych osobowych.<\/li>\n<\/ul>\n\n\n\n<p>Prawo do usuni\u0119cia danych nie ma zastosowania, w zakresie w jakim przetwarzanie jest niezb\u0119dne do wywi\u0105zania si\u0119 z prawnego obowi\u0105zku, do cel\u00f3w archiwalnych w interesie publicznym, do cel\u00f3w bada\u0144 naukowych, historycznych lub do cel\u00f3w statystycznych oraz do ustalenia, dochodzenia lub obrony roszcze\u0144<\/p>\n\n\n\n<p>Z uwagi na brak przes\u0142anek wskazanych w przepisach RODO nie przys\u0142uguje prawo sprzeciwu wobec przetwarzania danych oraz prawo do przenoszenia danych.<\/p>\n\n\n\n<ol start=\"7\" style=\"list-style-type:upper-roman\" class=\"wp-block-list\">\n<li><strong>Skarga w zwi\u0105zku z przetwarzaniem danych osobowych\u00a0(art. 13 pkt 2 lit. d RODO)<\/strong><\/li>\n<\/ol>\n\n\n\n<p>Je\u017celi przetwarzanie danych osobowych w trakcie prowadzenia post\u0119powania przez komornika s\u0105dowego narusza przepisy prawa, przys\u0142uguje Pani\/Panu prawo do zwr\u00f3cenia si\u0119 ze skarg\u0105 do Prezesa UODO z wy\u0142\u0105czeniem spraw, w zakresie kt\u00f3rych na czynno\u015bci podejmowane przez komornika s\u0105dowego przys\u0142uguje skarga w rygorze art. 767 k.p.c.<\/p>\n\n\n\n<ol start=\"8\" style=\"list-style-type:upper-roman\" class=\"wp-block-list\">\n<li><strong>Informacja o obowi\u0105zku podania danych\u00a0(art. 13 pkt 2 lit. e RODO)<\/strong><\/li>\n<\/ol>\n\n\n\n<p>Podanie danych osobowych jest obowi\u0105zkowe. Wynika to ze wskazanych powy\u017cej podstaw prawnych oraz jest niezb\u0119dne do realizacji ustawowych zada\u0144 Komornika S\u0105dowego.<\/p>\n\n\n\n<ol start=\"9\" style=\"list-style-type:upper-roman\" class=\"wp-block-list\">\n<li><strong>Przetwarzanie danych osobowych w spos\u00f3b zautomatyzowany\u00a0(art. 13 pkt 2 lit. f RODO)<\/strong><\/li>\n<\/ol>\n\n\n\n<p>Dane osobowe stron oraz uczestnik\u00f3w post\u0119powania egzekucyjnego nie s\u0105 przetwarzane&nbsp;<br>w spos\u00f3b zautomatyzowany.<\/p>\n","protected":false},"excerpt":{"rendered":"<p>Informacje dotycz\u0105ce przetwarzania danych osobowych W oparciu o art. 164a ust. 1 pkt 2 ustawy o komornikach s\u0105dowych w zgodzie z art. 13 pkt. 1 i 2 rozporz\u0105dzenia Parlamentu Europejskiego i Rady (UE) 2016\/679 z 27 kwietnia 2016 r. w sprawie ochrony os\u00f3b fizycznych w zwi\u0105zku z przetwarzaniem danych osobowych i w sprawie swobodnego przep\u0142ywu takich danych oraz uchylenia dyrektywy 95\/46\/WE (og\u00f3lne rozporz\u0105dzenie o ochronie danych osobowych) dalej &#8211; RODO, informuj\u0119: Administratorem danych osobowych jest Komornik S\u0105dowy przy S\u0105dzie Rejonowym w Zamo\u015bciu Tomasz G\u00f3ra, Kancelaria nr II w Zamo\u015bciu z siedzib\u0105 przy ul. Marsza\u0142ka J. Pi\u0142sudskiego 33\/4, 22-400 Zamo\u015b\u0107, telefon&#8230; <\/p>\n","protected":false},"author":1,"featured_media":0,"parent":0,"menu_order":0,"comment_status":"closed","ping_status":"closed","template":"template-parts\/template-full-width.php","meta":{"footnotes":""},"class_list":["post-54","page","type-page","status-publish","hentry"],"_links":{"self":[{"href":"https:\/\/zamosckomornik.pl\/index.php?rest_route=\/wp\/v2\/pages\/54","targetHints":{"allow":["GET"]}}],"collection":[{"href":"https:\/\/zamosckomornik.pl\/index.php?rest_route=\/wp\/v2\/pages"}],"about":[{"href":"https:\/\/zamosckomornik.pl\/index.php?rest_route=\/wp\/v2\/types\/page"}],"author":[{"embeddable":true,"href":"https:\/\/zamosckomornik.pl\/index.php?rest_route=\/wp\/v2\/users\/1"}],"replies":[{"embeddable":true,"href":"https:\/\/zamosckomornik.pl\/index.php?rest_route=%2Fwp%2Fv2%2Fcomments&post=54"}],"version-history":[{"count":3,"href":"https:\/\/zamosckomornik.pl\/index.php?rest_route=\/wp\/v2\/pages\/54\/revisions"}],"predecessor-version":[{"id":597,"href":"https:\/\/zamosckomornik.pl\/index.php?rest_route=\/wp\/v2\/pages\/54\/revisions\/597"}],"wp:attachment":[{"href":"https:\/\/zamosckomornik.pl\/index.php?rest_route=%2Fwp%2Fv2%2Fmedia&parent=54"}],"curies":[{"name":"wp","href":"https:\/\/api.w.org\/{rel}","templated":true}]}}