{"id":52,"date":"2022-09-28T07:29:06","date_gmt":"2022-09-28T07:29:06","guid":{"rendered":"http:\/\/dbhazek.cluster030.hosting.ovh.net\/?page_id=52"},"modified":"2026-04-07T09:20:09","modified_gmt":"2026-04-07T09:20:09","slug":"nieruchomosci","status":"publish","type":"page","link":"https:\/\/zamosckomornik.pl\/?page_id=52","title":{"rendered":"Nieruchomo\u015bci"},"content":{"rendered":"\n<p><\/p>\n\n\n\n<h2 class=\"wp-block-heading\"><\/h2>\n\n\n\n<h1 class=\"wp-block-heading\">Obwieszczenia o licytacji nieruchomo\u015bci dost\u0119pne s\u0105 na portalu licytacyjnym pod adresem: <a href=\"https:\/\/licytacje.komornik.pl\/\">https:\/\/licytacje.komornik.pl\/<\/a><\/h1>\n\n\n\n<h2 class=\"wp-block-heading\"><\/h2>\n\n\n\n<h2 class=\"wp-block-heading has-medium-font-size\"><a href=\"http:\/\/zamosckomornik.pl\/wp-content\/uploads\/2026\/02\/KM_250_24_P_N0177_IDP864937.pdf\"><\/a><\/h2>\n\n\n\n<h2 class=\"wp-block-heading has-medium-font-size\"><a href=\"http:\/\/zamosckomornik.pl\/wp-content\/uploads\/2025\/12\/KM_803_23_P_N0177_IDP849618.pdf\"><img decoding=\"async\" class=\"wp-image-102\" style=\"width: 30px;\" src=\"http:\/\/zamosckomornik.com.pl\/wp-content\/uploads\/2023\/03\/pdf_m.png\" alt=\"\"><\/a><a href=\"http:\/\/zamosckomornik.pl\/wp-content\/uploads\/2026\/02\/KM_467_23_P_N0177_IDP865592.pdf\">I licytacja nieruchomo\u015bci, m. Zamosc, Km 467\/23, termin: 20-03-2026 r.<\/a><\/h2>\n\n\n\n<h2 class=\"wp-block-heading has-medium-font-size\"><a href=\"http:\/\/zamosckomornik.pl\/wp-content\/uploads\/2026\/03\/KM_4398_19_P_N0177_IDP863355.pdf\"><img decoding=\"async\" class=\"wp-image-102\" style=\"width: 30px;\" src=\"http:\/\/zamosckomornik.com.pl\/wp-content\/uploads\/2023\/03\/pdf_m.png\" alt=\"\">I licytacja nieruchomo\u015bci, Zawada, Km 4398\/19, termin: 27-03-2026 r.<\/a><\/h2>\n\n\n\n<h2 class=\"wp-block-heading has-medium-font-size\"><a href=\"http:\/\/zamosckomornik.pl\/wp-content\/uploads\/2026\/03\/Licytacja-nieruchomosci-nieruchomosc-Km-803_23.pdf\"><img decoding=\"async\" class=\"wp-image-102\" style=\"width: 30px;\" src=\"http:\/\/zamosckomornik.com.pl\/wp-content\/uploads\/2023\/03\/pdf_m.png\" alt=\"\">II licytacja nieruchomo\u015bci, Zamo\u015b\u0107, Km 803\/23, termin: 24-04-2026 r.<\/a><\/h2>\n\n\n\n<h2 class=\"wp-block-heading has-medium-font-size\"><img decoding=\"async\" class=\"wp-image-102\" style=\"width: 30px;\" src=\"http:\/\/zamosckomornik.com.pl\/wp-content\/uploads\/2023\/03\/pdf_m.png\" alt=\"\"><a href=\"http:\/\/zamosckomornik.pl\/wp-content\/uploads\/2026\/03\/Licytacja-nieruchomosci-nieruchomosc-Kmp-27_21.pdf\">II licytacja nieruchomo\u015bci, P\u0142oskie, Zamosc, Kmp 27\/21, termin: 08-05-2026 r.<\/a><\/h2>\n\n\n\n<h2 class=\"wp-block-heading\"><\/h2>\n\n\n\n<h2 class=\"wp-block-heading\"><\/h2>\n\n\n\n<div class=\"wp-block-columns is-layout-flex wp-container-core-columns-is-layout-9d6595d7 wp-block-columns-is-layout-flex\">\n<div class=\"wp-block-column is-layout-flow wp-block-column-is-layout-flow\"><\/div>\n<\/div>\n\n\n\n<p><\/p>\n","protected":false},"excerpt":{"rendered":"<p>Obwieszczenia o licytacji nieruchomo\u015bci dost\u0119pne s\u0105 na portalu licytacyjnym pod adresem: https:\/\/licytacje.komornik.pl\/ I licytacja nieruchomo\u015bci, m. Zamosc, Km 467\/23, termin: 20-03-2026 r. I licytacja nieruchomo\u015bci, Zawada, Km 4398\/19, termin: 27-03-2026 r. II licytacja nieruchomo\u015bci, Zamo\u015b\u0107, Km 803\/23, termin: 24-04-2026 r. II licytacja nieruchomo\u015bci, P\u0142oskie, Zamosc, Kmp 27\/21, termin: 08-05-2026 r.<\/p>\n","protected":false},"author":1,"featured_media":0,"parent":0,"menu_order":0,"comment_status":"closed","ping_status":"closed","template":"template-parts\/template-full-width.php","meta":{"footnotes":""},"class_list":["post-52","page","type-page","status-publish","hentry"],"_links":{"self":[{"href":"https:\/\/zamosckomornik.pl\/index.php?rest_route=\/wp\/v2\/pages\/52","targetHints":{"allow":["GET"]}}],"collection":[{"href":"https:\/\/zamosckomornik.pl\/index.php?rest_route=\/wp\/v2\/pages"}],"about":[{"href":"https:\/\/zamosckomornik.pl\/index.php?rest_route=\/wp\/v2\/types\/page"}],"author":[{"embeddable":true,"href":"https:\/\/zamosckomornik.pl\/index.php?rest_route=\/wp\/v2\/users\/1"}],"replies":[{"embeddable":true,"href":"https:\/\/zamosckomornik.pl\/index.php?rest_route=%2Fwp%2Fv2%2Fcomments&post=52"}],"version-history":[{"count":194,"href":"https:\/\/zamosckomornik.pl\/index.php?rest_route=\/wp\/v2\/pages\/52\/revisions"}],"predecessor-version":[{"id":707,"href":"https:\/\/zamosckomornik.pl\/index.php?rest_route=\/wp\/v2\/pages\/52\/revisions\/707"}],"wp:attachment":[{"href":"https:\/\/zamosckomornik.pl\/index.php?rest_route=%2Fwp%2Fv2%2Fmedia&parent=52"}],"curies":[{"name":"wp","href":"https:\/\/api.w.org\/{rel}","templated":true}]}}