{"id":46,"date":"2022-09-28T07:26:55","date_gmt":"2022-09-28T07:26:55","guid":{"rendered":"http:\/\/dbhazek.cluster030.hosting.ovh.net\/?page_id=46"},"modified":"2022-10-08T16:06:19","modified_gmt":"2022-10-08T16:06:19","slug":"licytacje","status":"publish","type":"page","link":"https:\/\/zamosckomornik.pl\/?page_id=46","title":{"rendered":"Licytacje"},"content":{"rendered":"\n<div style=\"height:44px\" aria-hidden=\"true\" class=\"wp-block-spacer\"><\/div>\n\n\n\n<p><\/p>\n\n\n\n<div class=\"wp-block-columns is-layout-flex wp-container-core-columns-is-layout-9d6595d7 wp-block-columns-is-layout-flex\">\n<div class=\"wp-block-column is-layout-flow wp-block-column-is-layout-flow\">\n<p class=\"has-text-align-center\"><img decoding=\"async\" style=\"\" src=\"http:\/\/dbhazek.cluster030.hosting.ovh.net\/wp-content\/uploads\/2022\/09\/nieruchomosci1.png\" alt=\"\"><\/p>\n\n\n\n<p class=\"has-text-align-center\"><strong>Licytacje nieruchomo\u015bci<\/strong><\/p>\n\n\n\n<p class=\"has-text-align-center\">Licytacje komornicze umo\u017cliwiaj\u0105 nabycie m.in. nieruchomo\u015bci, tj. domu, mieszkania, dzia\u0142ki itp. <div class=\"custombtn\" style=\"text-align:center\">\t\r\n\t   <a class=\"morebutton\" href=\"http:\/\/zamosckomornik.pl\/?page_id=52\" target\"\">Wi\u0119cej<\/a>\t   \t   \r\n\t<\/div><\/p>\n<\/div>\n\n\n\n<div class=\"wp-block-column is-layout-flow wp-block-column-is-layout-flow\">\n<p class=\"has-text-align-center\"><img decoding=\"async\" style=\"\" src=\"http:\/\/dbhazek.cluster030.hosting.ovh.net\/wp-content\/uploads\/2022\/09\/ruchomosci1.png\" alt=\"\"><\/p>\n\n\n\n<p class=\"has-text-align-center\"><strong>Licytacje ruchomo\u015bci<\/strong><\/p>\n\n\n\n<p class=\"has-text-align-center\">Licytacje komornicze umo\u017cliwiaj\u0105 nabycie m.in. ruchomo\u015bci, tj. samochodu, mebli, sprz\u0119tu elektrycznego czy dzie\u0142 sztuki. <div class=\"custombtn\" style=\"text-align:center\">\t\r\n\t   <a class=\"morebutton\" href=\"http:\/\/zamosckomornik.pl\/?page_id=57\" target\"\">Wi\u0119cej<\/a>\t   \t   \r\n\t<\/div><\/p>\n<\/div>\n<\/div>\n","protected":false},"excerpt":{"rendered":"<p>Licytacje nieruchomo\u015bci Licytacje komornicze umo\u017cliwiaj\u0105 nabycie m.in. nieruchomo\u015bci, tj. domu, mieszkania, dzia\u0142ki itp. Licytacje ruchomo\u015bci Licytacje komornicze umo\u017cliwiaj\u0105 nabycie m.in. ruchomo\u015bci, tj. samochodu, mebli, sprz\u0119tu elektrycznego czy dzie\u0142 sztuki.<\/p>\n","protected":false},"author":1,"featured_media":0,"parent":0,"menu_order":0,"comment_status":"closed","ping_status":"closed","template":"template-parts\/template-full-width.php","meta":{"footnotes":""},"class_list":["post-46","page","type-page","status-publish","hentry"],"_links":{"self":[{"href":"https:\/\/zamosckomornik.pl\/index.php?rest_route=\/wp\/v2\/pages\/46","targetHints":{"allow":["GET"]}}],"collection":[{"href":"https:\/\/zamosckomornik.pl\/index.php?rest_route=\/wp\/v2\/pages"}],"about":[{"href":"https:\/\/zamosckomornik.pl\/index.php?rest_route=\/wp\/v2\/types\/page"}],"author":[{"embeddable":true,"href":"https:\/\/zamosckomornik.pl\/index.php?rest_route=\/wp\/v2\/users\/1"}],"replies":[{"embeddable":true,"href":"https:\/\/zamosckomornik.pl\/index.php?rest_route=%2Fwp%2Fv2%2Fcomments&post=46"}],"version-history":[{"count":11,"href":"https:\/\/zamosckomornik.pl\/index.php?rest_route=\/wp\/v2\/pages\/46\/revisions"}],"predecessor-version":[{"id":132,"href":"https:\/\/zamosckomornik.pl\/index.php?rest_route=\/wp\/v2\/pages\/46\/revisions\/132"}],"wp:attachment":[{"href":"https:\/\/zamosckomornik.pl\/index.php?rest_route=%2Fwp%2Fv2%2Fmedia&parent=46"}],"curies":[{"name":"wp","href":"https:\/\/api.w.org\/{rel}","templated":true}]}}