{"id":43,"date":"2022-09-28T07:25:14","date_gmt":"2022-09-28T07:25:14","guid":{"rendered":"http:\/\/dbhazek.cluster030.hosting.ovh.net\/?page_id=43"},"modified":"2025-05-27T05:51:29","modified_gmt":"2025-05-27T05:51:29","slug":"kontakt","status":"publish","type":"page","link":"https:\/\/zamosckomornik.pl\/?page_id=43","title":{"rendered":"Kontakt"},"content":{"rendered":"\n<div style=\"height:100px\" aria-hidden=\"true\" class=\"wp-block-spacer\"><\/div>\n\n\n\n<div class=\"wp-block-columns is-layout-flex wp-container-core-columns-is-layout-9d6595d7 wp-block-columns-is-layout-flex\">\n<div class=\"wp-block-column is-layout-flow wp-block-column-is-layout-flow\">\n<p><strong>Adres kancelarii:<\/strong><\/p>\n\n\n\n<p>Ul. Pi\u0142sudskiego 33\/4<br>22-400&nbsp; Zamo\u015b\u0107&nbsp;<br>tel: 84 627 98 50<\/p>\n\n\n\n<p>tel.&nbsp;730 50 19 19<\/p>\n\n\n\n<p>fax. \/84\/ 639 73 06<br>email: tomasz.gora@komornik.pl<\/p>\n\n\n\n<p><strong>Adres do e-Dor\u0119cze\u0144:<\/strong> PL-84879-24068-JIGUU-28<\/p>\n\n\n\n<div style=\"height:49px\" aria-hidden=\"true\" class=\"wp-block-spacer\"><\/div>\n\n\n\n<p><strong>Godziny pracy kancelarii:<\/strong><\/p>\n\n\n\n<ul class=\"wp-block-list\">\n<li><strong>poniedzia\u0142ek<\/strong>&nbsp;od&nbsp;<strong>10.00<\/strong>&nbsp;do&nbsp;<strong>18.00<\/strong><\/li>\n\n\n\n<li>od&nbsp;<strong>wtorku<\/strong>&nbsp;do&nbsp;<strong>piatku<\/strong>&nbsp;w godzinach<br>od&nbsp;<strong>8.00<\/strong>&nbsp;do <strong>16.00<\/strong><\/li>\n\n\n\n<li><strong>ka\u017cdy pi\u0105tek jest dniem bez odbierania telefon\u00f3w w kancelarii komorniczej.<\/strong> W tym dniu kancelaria pracuje normalnie w godzinach 8-16. Istnieje mo\u017cliwo\u015b\u0107 kontaktu osobistego lub za pomoc\u0105 <strong>email:<\/strong> tomasz.gora@komornik.pl<\/li>\n<\/ul>\n\n\n\n<p><\/p>\n\n\n\n<div style=\"height:49px\" aria-hidden=\"true\" class=\"wp-block-spacer\"><\/div>\n\n\n\n<p><strong>Komornik przyjmuje interesant\u00f3w w ka\u017cdy<\/strong><br><strong>czwartek&nbsp;od godziny&nbsp;09:00 do 14:00<\/strong><\/p>\n\n\n\n<div style=\"height:49px\" aria-hidden=\"true\" class=\"wp-block-spacer\"><\/div>\n\n\n\n<p><strong>Konto bankowe:<\/strong><\/p>\n\n\n\n<p><strong>BANK PEKAO SA ODDZIA\u0141 LUBLIN<\/strong><\/p>\n\n\n\n<p><strong>04 1240 2496 1111 0010 4384 4523<\/strong><\/p>\n<\/div>\n\n\n\n<div class=\"wp-block-column is-layout-flow wp-block-column-is-layout-flow\">\n<div style=\"height:100px\" aria-hidden=\"true\" class=\"wp-block-spacer\"><\/div>\n<\/div>\n<\/div>\n\n\n<div class=\"wp-block-image is-style-default\">\n<figure class=\"aligncenter size-large\"><a href=\"https:\/\/www.google.pl\/maps\/place\/Marsza\u0142ka+J\u00f3zefa+Pi\u0142sudskiego+33,+22-400+Zamo\u015b\u0107\/@50.7276682,23.2489372,17z\/data=!3m1!4b1!4m6!3m5!1s0x472367b1605c5709:0xf1ee16c38a6b3967!8m2!3d50.7276682!4d23.2511259!16s%2Fg%2F11csfjyfm9?hl=pl&amp;authuser=0\" target=\"_blank\" rel=\"noreferrer noopener\"><img loading=\"lazy\" decoding=\"async\" width=\"1024\" height=\"395\" src=\"http:\/\/dbhazek.cluster030.hosting.ovh.net\/wp-content\/uploads\/2022\/09\/tu_jestesmy-1024x395.jpg\" alt=\"\" class=\"wp-image-11\" srcset=\"https:\/\/zamosckomornik.pl\/wp-content\/uploads\/2022\/09\/tu_jestesmy-1024x395.jpg 1024w, https:\/\/zamosckomornik.pl\/wp-content\/uploads\/2022\/09\/tu_jestesmy-300x116.jpg 300w, https:\/\/zamosckomornik.pl\/wp-content\/uploads\/2022\/09\/tu_jestesmy-768x296.jpg 768w, https:\/\/zamosckomornik.pl\/wp-content\/uploads\/2022\/09\/tu_jestesmy-1536x592.jpg 1536w, https:\/\/zamosckomornik.pl\/wp-content\/uploads\/2022\/09\/tu_jestesmy.jpg 1872w\" sizes=\"auto, (max-width: 1024px) 100vw, 1024px\" \/><\/a><figcaption class=\"wp-element-caption\"><strong><a href=\"https:\/\/www.google.pl\/maps\/place\/Marsza\u0142ka+J\u00f3zefa+Pi\u0142sudskiego+33,+22-400+Zamo\u015b\u0107\/@50.7276682,23.2489372,17z\/data=!3m1!4b1!4m6!3m5!1s0x472367b1605c5709:0xf1ee16c38a6b3967!8m2!3d50.7276682!4d23.2511259!16s%2Fg%2F11csfjyfm9?hl=pl&amp;authuser=0\" target=\"_blank\" rel=\"noreferrer noopener\">Ul. Pi\u0142sudskiego 33\/4<\/a><\/strong><\/figcaption><\/figure>\n<\/div>\n\n\n<p><\/p>\n","protected":false},"excerpt":{"rendered":"<p>Adres kancelarii: Ul. Pi\u0142sudskiego 33\/422-400&nbsp; Zamo\u015b\u0107&nbsp;tel: 84 627 98 50 tel.&nbsp;730 50 19 19 fax. \/84\/ 639 73 06email: tomasz.gora@komornik.pl Adres do e-Dor\u0119cze\u0144: PL-84879-24068-JIGUU-28 Godziny pracy kancelarii: Komornik przyjmuje interesant\u00f3w w ka\u017cdyczwartek&nbsp;od godziny&nbsp;09:00 do 14:00 Konto bankowe: BANK PEKAO SA ODDZIA\u0141 LUBLIN 04 1240 2496 1111 0010 4384 4523<\/p>\n","protected":false},"author":1,"featured_media":0,"parent":0,"menu_order":0,"comment_status":"closed","ping_status":"closed","template":"template-parts\/template-full-width.php","meta":{"footnotes":""},"class_list":["post-43","page","type-page","status-publish","hentry"],"_links":{"self":[{"href":"https:\/\/zamosckomornik.pl\/index.php?rest_route=\/wp\/v2\/pages\/43","targetHints":{"allow":["GET"]}}],"collection":[{"href":"https:\/\/zamosckomornik.pl\/index.php?rest_route=\/wp\/v2\/pages"}],"about":[{"href":"https:\/\/zamosckomornik.pl\/index.php?rest_route=\/wp\/v2\/types\/page"}],"author":[{"embeddable":true,"href":"https:\/\/zamosckomornik.pl\/index.php?rest_route=\/wp\/v2\/users\/1"}],"replies":[{"embeddable":true,"href":"https:\/\/zamosckomornik.pl\/index.php?rest_route=%2Fwp%2Fv2%2Fcomments&post=43"}],"version-history":[{"count":9,"href":"https:\/\/zamosckomornik.pl\/index.php?rest_route=\/wp\/v2\/pages\/43\/revisions"}],"predecessor-version":[{"id":595,"href":"https:\/\/zamosckomornik.pl\/index.php?rest_route=\/wp\/v2\/pages\/43\/revisions\/595"}],"wp:attachment":[{"href":"https:\/\/zamosckomornik.pl\/index.php?rest_route=%2Fwp%2Fv2%2Fmedia&parent=43"}],"curies":[{"name":"wp","href":"https:\/\/api.w.org\/{rel}","templated":true}]}}