{"id":38,"date":"2022-09-28T07:22:53","date_gmt":"2022-09-28T07:22:53","guid":{"rendered":"http:\/\/dbhazek.cluster030.hosting.ovh.net\/?page_id=38"},"modified":"2025-05-27T14:53:46","modified_gmt":"2025-05-27T14:53:46","slug":"wzory-dokumentow","status":"publish","type":"page","link":"https:\/\/zamosckomornik.pl\/?page_id=38","title":{"rendered":"Wzory dokument\u00f3w"},"content":{"rendered":"\n<div style=\"height:100px\" aria-hidden=\"true\" class=\"wp-block-spacer\"><\/div>\n\n\n\n<div class=\"wp-block-columns are-vertically-aligned-top is-layout-flex wp-container-core-columns-is-layout-9d6595d7 wp-block-columns-is-layout-flex\">\n<div class=\"wp-block-column is-vertically-aligned-top is-layout-flow wp-block-column-is-layout-flow\"><div class=\"wp-block-image is-style-default\">\n<figure class=\"aligncenter size-full is-resized\"><a href=\"https:\/\/zamosckomornik.pl\/wp-content\/uploads\/2022\/09\/wniosek-egzekucyjny-KM.pdf\" target=\"_blank\" rel=\"noreferrer noopener\"><img loading=\"lazy\" decoding=\"async\" src=\"https:\/\/zamosckomornik.pl\/wp-content\/uploads\/2022\/09\/pdf.png\" alt=\"\" class=\"wp-image-117\" width=\"128\" height=\"128\"\/><\/a><\/figure>\n<\/div>\n\n\n<p class=\"has-text-align-center\"><a rel=\"noreferrer noopener\" href=\"https:\/\/zamosckomornik.pl\/wp-content\/uploads\/2022\/09\/wniosek-egzekucyjny-KM.pdf\" target=\"_blank\">wniosek egzekucyjny KM<\/a><\/p>\n<\/div>\n\n\n\n<div class=\"wp-block-column is-layout-flow wp-block-column-is-layout-flow\"><div class=\"wp-block-image\">\n<figure class=\"aligncenter size-full is-resized\"><a href=\"https:\/\/zamosckomornik.pl\/wp-content\/uploads\/2022\/09\/Wniosek-o-wszczecie-egzekucji-obowiazujacy-od-01-stycznia-2019-r..pdf\" target=\"_blank\" rel=\"noreferrer noopener\"><img loading=\"lazy\" decoding=\"async\" src=\"https:\/\/zamosckomornik.pl\/wp-content\/uploads\/2022\/09\/pdf.png\" alt=\"\" class=\"wp-image-117\" width=\"128\" height=\"128\"\/><\/a><\/figure>\n<\/div>\n\n\n<p class=\"has-text-align-center\"><a rel=\"noreferrer noopener\" href=\"https:\/\/zamosckomornik.pl\/wp-content\/uploads\/2022\/09\/Wniosek-o-wszczecie-egzekucji-obowiazujacy-od-01-stycznia-2019-r..pdf\" target=\"_blank\">Wniosek o wszczecie egzekucji &#8211; obowiazujacy od 01 stycznia 2019 r.<\/a><\/p>\n<\/div>\n\n\n\n<div class=\"wp-block-column is-vertically-aligned-top is-layout-flow wp-block-column-is-layout-flow\"><div class=\"wp-block-image is-style-default\">\n<figure class=\"aligncenter size-full is-resized\"><a href=\"https:\/\/zamosckomornik.pl\/wp-content\/uploads\/2022\/09\/wniosek-o-gezekucje-alimentow-KMP1.pdf\" target=\"_blank\" rel=\"noreferrer noopener\"><img loading=\"lazy\" decoding=\"async\" src=\"https:\/\/zamosckomornik.pl\/wp-content\/uploads\/2022\/09\/pdf.png\" alt=\"\" class=\"wp-image-117\" width=\"128\" height=\"128\"\/><\/a><\/figure>\n<\/div>\n\n\n<p class=\"has-text-align-center\"><a rel=\"noreferrer noopener\" href=\"https:\/\/zamosckomornik.pl\/wp-content\/uploads\/2022\/09\/wniosek-o-gezekucje-alimentow-KMP1.pdf\" target=\"_blank\">wniosek o egzekucje alimentow KMP<\/a><\/p>\n<\/div>\n\n\n\n<div class=\"wp-block-column is-vertically-aligned-top is-layout-flow wp-block-column-is-layout-flow\"><div class=\"wp-block-image is-style-default\">\n<figure class=\"aligncenter size-full is-resized\"><a href=\"https:\/\/zamosckomornik.pl\/wp-content\/uploads\/2022\/09\/wykaz-majatku.pdf\" target=\"_blank\" rel=\"noreferrer noopener\"><img loading=\"lazy\" decoding=\"async\" src=\"https:\/\/zamosckomornik.pl\/wp-content\/uploads\/2022\/09\/pdf.png\" alt=\"\" class=\"wp-image-117\" width=\"128\" height=\"128\"\/><\/a><\/figure>\n<\/div>\n\n\n<p class=\"has-text-align-center\"><a rel=\"noreferrer noopener\" href=\"https:\/\/zamosckomornik.pl\/wp-content\/uploads\/2022\/09\/wykaz-majatku.pdf\" target=\"_blank\">wykaz maj\u0105tku<\/a><\/p>\n<\/div>\n<\/div>\n\n\n\n<div class=\"wp-block-columns are-vertically-aligned-top is-layout-flex wp-container-core-columns-is-layout-9d6595d7 wp-block-columns-is-layout-flex\">\n<div class=\"wp-block-column is-vertically-aligned-top is-layout-flow wp-block-column-is-layout-flow\"><div class=\"wp-block-image is-style-default\">\n<figure class=\"aligncenter size-full is-resized\"><a href=\"http:\/\/zamosckomornik.pl\/wp-content\/uploads\/2023\/06\/Formularz-skargi-na-czynnosc-komornika-sadowego.pdf\" target=\"_blank\" rel=\"noreferrer noopener\"><img loading=\"lazy\" decoding=\"async\" src=\"https:\/\/zamosckomornik.pl\/wp-content\/uploads\/2022\/09\/pdf.png\" alt=\"\" class=\"wp-image-117\" width=\"128\" height=\"128\"\/><\/a><\/figure>\n<\/div>\n\n\n<p class=\"has-text-align-center\"><a href=\"http:\/\/zamosckomornik.pl\/wp-content\/uploads\/2023\/06\/Formularz-skargi-na-czynnosc-komornika-sadowego.pdf\" target=\"_blank\" rel=\"noreferrer noopener\">Formularz skargi na czynno\u015b\u0107 komornika s\u0105dowego<\/a><\/p>\n<\/div>\n\n\n\n<div class=\"wp-block-column is-layout-flow wp-block-column-is-layout-flow\"><\/div>\n\n\n\n<div class=\"wp-block-column is-vertically-aligned-top is-layout-flow wp-block-column-is-layout-flow\"><\/div>\n\n\n\n<div class=\"wp-block-column is-vertically-aligned-top is-layout-flow wp-block-column-is-layout-flow\"><\/div>\n<\/div>\n\n\n\n<div class=\"wp-block-columns is-layout-flex wp-container-core-columns-is-layout-9d6595d7 wp-block-columns-is-layout-flex\">\n<div class=\"wp-block-column is-layout-flow wp-block-column-is-layout-flow\"><\/div>\n\n\n\n<div class=\"wp-block-column is-layout-flow wp-block-column-is-layout-flow\"><\/div>\n\n\n\n<div class=\"wp-block-column is-layout-flow wp-block-column-is-layout-flow\"><\/div>\n<\/div>\n","protected":false},"excerpt":{"rendered":"<p>wniosek egzekucyjny KM Wniosek o wszczecie egzekucji &#8211; obowiazujacy od 01 stycznia 2019 r. wniosek o egzekucje alimentow KMP wykaz maj\u0105tku Formularz skargi na czynno\u015b\u0107 komornika s\u0105dowego<\/p>\n","protected":false},"author":1,"featured_media":0,"parent":0,"menu_order":0,"comment_status":"closed","ping_status":"closed","template":"template-parts\/template-full-width.php","meta":{"footnotes":""},"class_list":["post-38","page","type-page","status-publish","hentry"],"_links":{"self":[{"href":"https:\/\/zamosckomornik.pl\/index.php?rest_route=\/wp\/v2\/pages\/38","targetHints":{"allow":["GET"]}}],"collection":[{"href":"https:\/\/zamosckomornik.pl\/index.php?rest_route=\/wp\/v2\/pages"}],"about":[{"href":"https:\/\/zamosckomornik.pl\/index.php?rest_route=\/wp\/v2\/types\/page"}],"author":[{"embeddable":true,"href":"https:\/\/zamosckomornik.pl\/index.php?rest_route=\/wp\/v2\/users\/1"}],"replies":[{"embeddable":true,"href":"https:\/\/zamosckomornik.pl\/index.php?rest_route=%2Fwp%2Fv2%2Fcomments&post=38"}],"version-history":[{"count":13,"href":"https:\/\/zamosckomornik.pl\/index.php?rest_route=\/wp\/v2\/pages\/38\/revisions"}],"predecessor-version":[{"id":607,"href":"https:\/\/zamosckomornik.pl\/index.php?rest_route=\/wp\/v2\/pages\/38\/revisions\/607"}],"wp:attachment":[{"href":"https:\/\/zamosckomornik.pl\/index.php?rest_route=%2Fwp%2Fv2%2Fmedia&parent=38"}],"curies":[{"name":"wp","href":"https:\/\/api.w.org\/{rel}","templated":true}]}}